{"id":117,"date":"2016-11-15T17:33:46","date_gmt":"2016-11-15T17:33:46","guid":{"rendered":"http:\/\/tatabuilding.hu\/?page_id=117"},"modified":"2018-03-23T10:42:44","modified_gmt":"2018-03-23T10:42:44","slug":"home","status":"publish","type":"page","link":"https:\/\/ravent.hu\/","title":{"rendered":"Ipari l\u00e9g- \u00e9s portechnika"},"content":{"rendered":"<div class=\"wpb-content-wrapper\"><p>[vc_row][vc_column][vc_custom_heading text=&#8221;Ravent Ipari Kft.&#8221; font_container=&#8221;tag:h2|text_align:left|color:%233b81bf&#8221; google_fonts=&#8221;font_family:Arimo%3Aregular%2Citalic%2C700%2C700italic|font_style:400%20regular%3A400%3Anormal&#8221; link=&#8221;url:http%3A%2F%2Ftatabuilding.hu%2F%3Fpage_id%3D12||&#8221; css=&#8221;.vc_custom_1479488324470{margin-top: 0px !important;}&#8221;][vc_column_text]Ravent Ipari Kft. a porlev\u00e1laszt\u00e1s, az ipari l\u00e9gtechnika \u00e9s az ipari kl\u00edma technika ter\u00fcleteit is mag\u00e1ban foglal\u00f3 feladatok megold\u00e1s\u00e1ra szakosodott, sz\u00e9lesk\u00f6r\u0171 referenci\u00e1kkal rendelkez\u0151 szakc\u00e9g. C\u00e9lunk a megrendel\u0151 probl\u00e9m\u00e1inak gazdas\u00e1gos, hat\u00e9kony megold\u00e1sa, de ezt nem felt\u00e9tlen\u00fcl \u00faj, k\u00f6lts\u00e9ges beruh\u00e1z\u00e1ssal, hanem egyedi innovat\u00edv m\u0171szaki megold\u00e1sokkal, esetleg a megl\u00e9v\u0151 berendez\u00e9sek \u00e1talak\u00edt\u00e1s\u00e1val igyeksz\u00fcnk el\u00e9rni.<\/p>\n<p>Munk\u00e1nk min\u0151s\u00e9g\u00e9t a c\u00e9g\u00fcnkn\u00e9l m\u00e1r kezdetekt\u0151l bevezetett szem\u00e9lyre lebontott min\u0151s\u00e9gfelel\u0151ss\u00e9gi rendszer garant\u00e1lja.[\/vc_column_text][\/vc_column][\/vc_row][vc_row css=&#8221;.vc_custom_1480602942508{background-color: #427cbf !important;}&#8221;][vc_column width=&#8221;1\/3&#8243;][vc_custom_heading text=&#8221;Porlev\u00e1laszt\u00e1s&#8221; font_container=&#8221;tag:h2|text_align:center|color:%23ffffff&#8221; google_fonts=&#8221;font_family:Arimo%3Aregular%2Citalic%2C700%2C700italic|font_style:400%20regular%3A400%3Anormal&#8221; link=&#8221;url:https%3A%2F%2Fravent.hu%2F%3Fpage_id%3D12||&#8221; css=&#8221;.vc_custom_1480602545421{margin-top: 0px !important;}&#8221;][vc_single_image image=&#8221;149&#8243; img_size=&#8221;337&#215;253&#8243; add_caption=&#8221;yes&#8221; alignment=&#8221;center&#8221; style=&#8221;vc_box_shadow_3d&#8221; onclick=&#8221;custom_link&#8221; css_animation=&#8221;appear&#8221; css=&#8221;.vc_custom_1480602700442{margin-top: 20px !important;margin-bottom: 20px !important;}&#8221; link=&#8221;https:\/\/ravent.hu\/?page_id=12&#8243;][\/vc_column][vc_column width=&#8221;1\/3&#8243;][vc_custom_heading text=&#8221;Kl\u00edmatechnika&#8221; font_container=&#8221;tag:h2|text_align:center|color:%23ffffff&#8221; google_fonts=&#8221;font_family:Arimo%3Aregular%2Citalic%2C700%2C700italic|font_style:400%20regular%3A400%3Anormal&#8221; link=&#8221;url:https%3A%2F%2Fravent.hu%2F%3Fpage_id%3D16||&#8221; css=&#8221;.vc_custom_1480602528945{margin-top: 0px !important;}&#8221;][vc_single_image image=&#8221;148&#8243; img_size=&#8221;337&#215;253&#8243; add_caption=&#8221;yes&#8221; alignment=&#8221;center&#8221; style=&#8221;vc_box_shadow_3d&#8221; onclick=&#8221;custom_link&#8221; css_animation=&#8221;appear&#8221; css=&#8221;.vc_custom_1480602711931{margin-top: 20px !important;margin-bottom: 20px !important;}&#8221; link=&#8221;https:\/\/ravent.hu\/?page_id=16&#8243;][\/vc_column][vc_column width=&#8221;1\/3&#8243;][vc_custom_heading text=&#8221;Zajv\u00e9delem&#8221; font_container=&#8221;tag:h2|text_align:center|color:%23ffffff&#8221; google_fonts=&#8221;font_family:Arimo%3Aregular%2Citalic%2C700%2C700italic|font_style:400%20regular%3A400%3Anormal&#8221; link=&#8221;url:https%3A%2F%2Fravent.hu%2F%3Fpage_id%3D18||&#8221; css=&#8221;.vc_custom_1480602511617{margin-top: 0px !important;}&#8221;][vc_single_image image=&#8221;150&#8243; img_size=&#8221;337&#215;253&#8243; add_caption=&#8221;yes&#8221; alignment=&#8221;center&#8221; style=&#8221;vc_box_shadow_3d&#8221; onclick=&#8221;custom_link&#8221; css_animation=&#8221;appear&#8221; css=&#8221;.vc_custom_1480602727329{margin-top: 20px !important;margin-bottom: 20px !important;}&#8221; link=&#8221;https:\/\/ravent.hu\/?page_id=18&#8243;][\/vc_column][\/vc_row][vc_row][vc_column][vc_custom_heading text=&#8221;Mi\u00e9rt minket v\u00e1lasszon?&#8221; font_container=&#8221;tag:h2|text_align:left|color:%233b81bf&#8221; google_fonts=&#8221;font_family:Arimo%3Aregular%2Citalic%2C700%2C700italic|font_style:400%20regular%3A400%3Anormal&#8221; link=&#8221;url:http%3A%2F%2Ftatabuilding.hu%2F%3Fpage_id%3D12||&#8221; css=&#8221;.vc_custom_1479651653827{margin-top: 0px !important;}&#8221;][vc_column_text]Versenyk\u00e9pess\u00e9g\u00fcnk k\u00fcl\u00f6n\u00f6sen az olyan jelleg\u0171 feladatokn\u00e1l mutatkozik meg, melyek a szok\u00e1sosn\u00e1l ig\u00e9nyesebb, \u00e1tfog\u00f3bb, valamint speci\u00e1lis ismereteket k\u00edv\u00e1n\u00f3 m\u00e9rn\u00f6ki munk\u00e1val j\u00e1rnak \u00e9s magas szint\u0171 gy\u00e1rt\u00e1si kult\u00far\u00e1t ig\u00e9nyelnek.<\/p>\n<p>Rem\u00e9lj\u00fck felkeltett\u00fck \u00e9rdekl\u0151d\u00e9s\u00fcket \u00e9s hamarosan \u00d6n\u00f6ket is megrendel\u0151ink k\u00f6z\u00f6tt \u00fcdv\u00f6z\u00f6lhetj\u00fck.[\/vc_column_text][\/vc_column][\/vc_row][vc_row][vc_column][rev_slider_vc alias=&#8221;news&#8221;][\/vc_column][\/vc_row]<\/p>\n<\/div>","protected":false},"excerpt":{"rendered":"<p>[vc_row][vc_column][vc_custom_heading text=&#8221;Ravent Ipari Kft.&#8221; font_container=&#8221;tag:h2|text_align:left|color:%233b81bf&#8221; google_fonts=&#8221;font_family:Arimo%3Aregular%2Citalic%2C700%2C700italic|font_style:400%20regular%3A400%3Anormal&#8221; link=&#8221;url:http%3A%2F%2Ftatabuilding.hu%2F%3Fpage_id%3D12||&#8221; css=&#8221;.vc_custom_1479488324470{margin-top: 0px !important;}&#8221;][vc_column_text]Ravent Ipari Kft. a porlev\u00e1laszt\u00e1s, az ipari l\u00e9gtechnika \u00e9s az ipari kl\u00edma technika ter\u00fcleteit is mag\u00e1ban foglal\u00f3 feladatok megold\u00e1s\u00e1ra szakosodott, sz\u00e9lesk\u00f6r\u0171 referenci\u00e1kkal rendelkez\u0151 szakc\u00e9g. C\u00e9lunk a megrendel\u0151 probl\u00e9m\u00e1inak gazdas\u00e1gos, hat\u00e9kony megold\u00e1sa, de ezt nem felt\u00e9tlen\u00fcl \u00faj, k\u00f6lts\u00e9ges beruh\u00e1z\u00e1ssal, hanem egyedi innovat\u00edv m\u0171szaki megold\u00e1sokkal, esetleg a megl\u00e9v\u0151&#8230;<\/p>\n","protected":false},"author":1,"featured_media":0,"parent":0,"menu_order":0,"comment_status":"closed","ping_status":"closed","template":"","meta":{"footnotes":""},"class_list":["post-117","page","type-page","status-publish","hentry"],"_links":{"self":[{"href":"https:\/\/ravent.hu\/index.php?rest_route=\/wp\/v2\/pages\/117","targetHints":{"allow":["GET"]}}],"collection":[{"href":"https:\/\/ravent.hu\/index.php?rest_route=\/wp\/v2\/pages"}],"about":[{"href":"https:\/\/ravent.hu\/index.php?rest_route=\/wp\/v2\/types\/page"}],"author":[{"embeddable":true,"href":"https:\/\/ravent.hu\/index.php?rest_route=\/wp\/v2\/users\/1"}],"replies":[{"embeddable":true,"href":"https:\/\/ravent.hu\/index.php?rest_route=%2Fwp%2Fv2%2Fcomments&post=117"}],"version-history":[{"count":49,"href":"https:\/\/ravent.hu\/index.php?rest_route=\/wp\/v2\/pages\/117\/revisions"}],"predecessor-version":[{"id":436,"href":"https:\/\/ravent.hu\/index.php?rest_route=\/wp\/v2\/pages\/117\/revisions\/436"}],"wp:attachment":[{"href":"https:\/\/ravent.hu\/index.php?rest_route=%2Fwp%2Fv2%2Fmedia&parent=117"}],"curies":[{"name":"wp","href":"https:\/\/api.w.org\/{rel}","templated":true}]}}