{"id":12,"date":"2016-11-15T10:49:36","date_gmt":"2016-11-15T10:49:36","guid":{"rendered":"http:\/\/tatabuilding.hu\/?page_id=12"},"modified":"2016-11-20T12:33:58","modified_gmt":"2016-11-20T12:33:58","slug":"porlevalasztas","status":"publish","type":"page","link":"https:\/\/ravent.hu\/?page_id=12","title":{"rendered":"Porlev\u00e1laszt\u00e1s"},"content":{"rendered":"<div class=\"wpb-content-wrapper\"><p>[vc_row][vc_column width=&#8221;1\/3&#8243;][vc_single_image image=&#8221;205&#8243; img_size=&#8221;full&#8221; css_animation=&#8221;appear&#8221;][vc_column_text css_animation=&#8221;left-to-right&#8221;]<\/p>\n<p style=\"text-align: left;\">Gabona malom csomagol\u00f3technol\u00f3gi\u00e1j\u00e1nak k\u00f6zponti porlev\u00e1laszt\u00f3 berendez\u00e9se. Az Rb-s sz\u0171r\u0151h\u00e1z robban\u00e1si nyom\u00e1shull\u00e1m levezet\u0151 hasad\u00f3panellal van ell\u00e1tva, a ventil\u00e1tor ATEX min\u0151s\u00edt\u00e9ssel rendelkezik.<\/p>\n<p>[\/vc_column_text][\/vc_column][vc_column width=&#8221;1\/3&#8243;][vc_single_image image=&#8221;200&#8243; img_size=&#8221;full&#8221; css_animation=&#8221;appear&#8221;][vc_column_text css_animation=&#8221;left-to-right&#8221;]<\/p>\n<p style=\"text-align: left;\">Perlitduzzaszt\u00f3 \u00fczem porelsz\u00edv\u00f3 rendszere.<\/p>\n<p>[\/vc_column_text][\/vc_column][vc_column width=&#8221;1\/3&#8243;][vc_single_image image=&#8221;199&#8243; img_size=&#8221;full&#8221; css_animation=&#8221;appear&#8221;][vc_column_text css_animation=&#8221;left-to-right&#8221;]<\/p>\n<p style=\"text-align: left;\">Dobrosta porelsz\u00edv\u00f3 \u00e9s porlev\u00e1laszt\u00f3 rendszere.<\/p>\n<p>[\/vc_column_text][\/vc_column][\/vc_row][vc_row][vc_column width=&#8221;1\/4&#8243;][vc_single_image image=&#8221;204&#8243; img_size=&#8221;full&#8221; css_animation=&#8221;appear&#8221;][vc_column_text css_animation=&#8221;left-to-right&#8221;]<\/p>\n<p style=\"text-align: left;\">\u00c9p\u00edt\u00e9si hullad\u00e9kot \u00fajrafeldolgoz\u00f3 technol\u00f3gia porelsz\u00edv\u00f3 \u00e9s lev\u00e1laszt\u00f3 rendszere nagyteljes\u00edtm\u00e9ny\u0171 zs\u00e1kos sz\u0171r\u0151vel.<\/p>\n<p>[\/vc_column_text][\/vc_column][vc_column width=&#8221;1\/4&#8243;][vc_single_image image=&#8221;203&#8243; img_size=&#8221;full&#8221; css_animation=&#8221;appear&#8221;][vc_column_text css_animation=&#8221;left-to-right&#8221;]<\/p>\n<p style=\"text-align: left;\">\u00c9lelmiszeripari alkalmaz\u00e1sokhoz fejlesztett, robban\u00e1si nyom\u00e1shull\u00e1m levezet\u00e9s\u0171 porlev\u00e1laszt\u00f3 berendez\u00e9s zajcsillap\u00edtott ventil\u00e1torral.<\/p>\n<p>[\/vc_column_text][\/vc_column][vc_column width=&#8221;1\/4&#8243;][vc_single_image image=&#8221;202&#8243; img_size=&#8221;full&#8221; css_animation=&#8221;appear&#8221;][vc_column_text css_animation=&#8221;left-to-right&#8221;]Olajk\u00f6ddel \u00e9s szil\u00e1rd szennyez\u0151anyagokkal terhelt leveg\u0151 elsz\u00edv\u00f3 rendszere nedves mos\u00f3berendez\u00e9ssel \u00e9s zajv\u00e9delemmel.[\/vc_column_text][\/vc_column][vc_column width=&#8221;1\/4&#8243;][vc_single_image image=&#8221;201&#8243; img_size=&#8221;full&#8221; css_animation=&#8221;appear&#8221;][vc_column_text css_animation=&#8221;left-to-right&#8221;]<\/p>\n<p style=\"text-align: left;\">Nagy porterhel\u00e9st elvisel\u0151 zs\u00e1kos porlev\u00e1laszt\u00f3 berendez\u00e9s el\u0151lev\u00e1laszt\u00f3 \u00f6rv\u00e9nykamr\u00e1val.<\/p>\n<p>[\/vc_column_text][\/vc_column][\/vc_row]<\/p>\n<\/div>","protected":false},"excerpt":{"rendered":"<p>[vc_row][vc_column width=&#8221;1\/3&#8243;][vc_single_image image=&#8221;205&#8243; img_size=&#8221;full&#8221; css_animation=&#8221;appear&#8221;][vc_column_text css_animation=&#8221;left-to-right&#8221;] Gabona malom csomagol\u00f3technol\u00f3gi\u00e1j\u00e1nak k\u00f6zponti porlev\u00e1laszt\u00f3 berendez\u00e9se. Az Rb-s sz\u0171r\u0151h\u00e1z robban\u00e1si nyom\u00e1shull\u00e1m levezet\u0151 hasad\u00f3panellal van ell\u00e1tva, a ventil\u00e1tor ATEX min\u0151s\u00edt\u00e9ssel rendelkezik. [\/vc_column_text][\/vc_column][vc_column width=&#8221;1\/3&#8243;][vc_single_image image=&#8221;200&#8243; img_size=&#8221;full&#8221; css_animation=&#8221;appear&#8221;][vc_column_text css_animation=&#8221;left-to-right&#8221;] Perlitduzzaszt\u00f3 \u00fczem porelsz\u00edv\u00f3 rendszere. [\/vc_column_text][\/vc_column][vc_column width=&#8221;1\/3&#8243;][vc_single_image image=&#8221;199&#8243; img_size=&#8221;full&#8221; css_animation=&#8221;appear&#8221;][vc_column_text css_animation=&#8221;left-to-right&#8221;] Dobrosta porelsz\u00edv\u00f3 \u00e9s porlev\u00e1laszt\u00f3 rendszere. [\/vc_column_text][\/vc_column][\/vc_row][vc_row][vc_column width=&#8221;1\/4&#8243;][vc_single_image image=&#8221;204&#8243; img_size=&#8221;full&#8221; css_animation=&#8221;appear&#8221;][vc_column_text css_animation=&#8221;left-to-right&#8221;] \u00c9p\u00edt\u00e9si hullad\u00e9kot&#8230;<\/p>\n","protected":false},"author":1,"featured_media":0,"parent":0,"menu_order":0,"comment_status":"closed","ping_status":"closed","template":"","meta":{"footnotes":""},"class_list":["post-12","page","type-page","status-publish","hentry"],"_links":{"self":[{"href":"https:\/\/ravent.hu\/index.php?rest_route=\/wp\/v2\/pages\/12","targetHints":{"allow":["GET"]}}],"collection":[{"href":"https:\/\/ravent.hu\/index.php?rest_route=\/wp\/v2\/pages"}],"about":[{"href":"https:\/\/ravent.hu\/index.php?rest_route=\/wp\/v2\/types\/page"}],"author":[{"embeddable":true,"href":"https:\/\/ravent.hu\/index.php?rest_route=\/wp\/v2\/users\/1"}],"replies":[{"embeddable":true,"href":"https:\/\/ravent.hu\/index.php?rest_route=%2Fwp%2Fv2%2Fcomments&post=12"}],"version-history":[{"count":16,"href":"https:\/\/ravent.hu\/index.php?rest_route=\/wp\/v2\/pages\/12\/revisions"}],"predecessor-version":[{"id":211,"href":"https:\/\/ravent.hu\/index.php?rest_route=\/wp\/v2\/pages\/12\/revisions\/211"}],"wp:attachment":[{"href":"https:\/\/ravent.hu\/index.php?rest_route=%2Fwp%2Fv2%2Fmedia&parent=12"}],"curies":[{"name":"wp","href":"https:\/\/api.w.org\/{rel}","templated":true}]}}