{"id":16,"date":"2016-11-15T10:51:05","date_gmt":"2016-11-15T10:51:05","guid":{"rendered":"http:\/\/tatabuilding.hu\/?page_id=16"},"modified":"2016-11-20T13:22:45","modified_gmt":"2016-11-20T13:22:45","slug":"klimatechnika","status":"publish","type":"page","link":"https:\/\/ravent.hu\/?page_id=16","title":{"rendered":"Kl\u00edmatechnika"},"content":{"rendered":"<div class=\"wpb-content-wrapper\"><p>[vc_row][vc_column width=&#8221;1\/3&#8243;][vc_single_image image=&#8221;226&#8243; img_size=&#8221;full&#8221; css_animation=&#8221;appear&#8221;][vc_column_text css_animation=&#8221;left-to-right&#8221;]<\/p>\n<p style=\"text-align: left;\">Ipari laborat\u00f3rium technol\u00f3giai porelsz\u00edv\u00e1sa \u00e1ll\u00edthat\u00f3 elsz\u00edv\u00f3karral, valamint temper\u00e1lt leveg\u0151 automatikus visszajuttat\u00e1sa.<\/p>\n<p>[\/vc_column_text][\/vc_column][vc_column width=&#8221;1\/3&#8243;][vc_single_image image=&#8221;228&#8243; img_size=&#8221;full&#8221; css_animation=&#8221;appear&#8221;][vc_column_text css_animation=&#8221;left-to-right&#8221;]Nagykonyhai g\u0151z- \u00e9s szagelsz\u00edv\u00e1s tet\u0151t\u00e9ren elhelyezett hangcsillap\u00edtott kif\u00fav\u00f3 egys\u00e9ge. A rendszerhez tartoz\u00f3 rozsdamentes elsz\u00edv\u00f3 erny\u0151k zs\u00edrfog\u00f3 bet\u00e9tekkel lettek ell\u00e1tva.[\/vc_column_text][\/vc_column][vc_column width=&#8221;1\/3&#8243;][vc_single_image image=&#8221;227&#8243; img_size=&#8221;full&#8221; css_animation=&#8221;appear&#8221;][vc_column_text css_animation=&#8221;left-to-right&#8221;]Nyomda\u00fczem old\u00f3szerg\u0151z elsz\u00edv\u00f3 rendszer\u00e9nek r\u00e9szlete.[\/vc_column_text][\/vc_column][\/vc_row][vc_row][vc_column width=&#8221;1\/4&#8243;][vc_single_image image=&#8221;231&#8243; img_size=&#8221;full&#8221; css_animation=&#8221;appear&#8221;][vc_column_text css_animation=&#8221;left-to-right&#8221;]<\/p>\n<p style=\"text-align: left;\">Szaniter\u00e1ru gy\u00e1rcsarnok szell\u0151z\u0151-, h\u0171t\u0151rendszere.<\/p>\n<p>[\/vc_column_text][\/vc_column][vc_column width=&#8221;1\/4&#8243;][vc_single_image image=&#8221;230&#8243; img_size=&#8221;full&#8221; css_animation=&#8221;appear&#8221;][vc_column_text css_animation=&#8221;left-to-right&#8221;]<\/p>\n<p style=\"text-align: left;\">Nagy h\u0151lead\u00e1s\u00fa \u00e9lelmiszeripari technol\u00f3gia \u00e1raszt\u00e1sos h\u0171t\u0151 rendszere. A nyom\u00f3kamrak\u00e9nt kialak\u00edtott l\u00e9gcsatorna teljes als\u00f3 s\u00edkj\u00e1b\u00f3l egyenletes, kis sebess\u00e9ggel \u00e1ramlik ki a h\u0171t\u00f6tt leveg\u0151. A tart\u00f3zkod\u00e1si z\u00f3na h\u0151komfortja ez\u00e1ltal huzatmentesen \u00e9s energiatakar\u00e9kosan javult.<\/p>\n<p>[\/vc_column_text][\/vc_column][vc_column width=&#8221;1\/4&#8243;][vc_single_image image=&#8221;229&#8243; img_size=&#8221;full&#8221; css_animation=&#8221;appear&#8221;][vc_column_text css_animation=&#8221;left-to-right&#8221;]\u00c9desipari csomagol\u00f3\u00fczem k\u00f6zponti kl\u00edmaberendez\u00e9s\u00e9nek r\u00e9szlete. A csomagol\u00f3g\u00e9pek technol\u00f3giai k\u00f6vetelm\u00e9nyei miatt a helyis\u00e9g p\u00e1ratartalm\u00e1t az el\u0151\u00edrt, sz\u0171k hat\u00e1rok k\u00f6z\u00f6tt kellett tartani.[\/vc_column_text][\/vc_column][\/vc_row]<\/p>\n<\/div>","protected":false},"excerpt":{"rendered":"<p>[vc_row][vc_column width=&#8221;1\/3&#8243;][vc_single_image image=&#8221;226&#8243; img_size=&#8221;full&#8221; css_animation=&#8221;appear&#8221;][vc_column_text css_animation=&#8221;left-to-right&#8221;] Ipari laborat\u00f3rium technol\u00f3giai porelsz\u00edv\u00e1sa \u00e1ll\u00edthat\u00f3 elsz\u00edv\u00f3karral, valamint temper\u00e1lt leveg\u0151 automatikus visszajuttat\u00e1sa. [\/vc_column_text][\/vc_column][vc_column width=&#8221;1\/3&#8243;][vc_single_image image=&#8221;228&#8243; img_size=&#8221;full&#8221; css_animation=&#8221;appear&#8221;][vc_column_text css_animation=&#8221;left-to-right&#8221;]Nagykonyhai g\u0151z- \u00e9s szagelsz\u00edv\u00e1s tet\u0151t\u00e9ren elhelyezett hangcsillap\u00edtott kif\u00fav\u00f3 egys\u00e9ge. A rendszerhez tartoz\u00f3 rozsdamentes elsz\u00edv\u00f3 erny\u0151k zs\u00edrfog\u00f3 bet\u00e9tekkel lettek ell\u00e1tva.[\/vc_column_text][\/vc_column][vc_column width=&#8221;1\/3&#8243;][vc_single_image image=&#8221;227&#8243; img_size=&#8221;full&#8221; css_animation=&#8221;appear&#8221;][vc_column_text css_animation=&#8221;left-to-right&#8221;]Nyomda\u00fczem old\u00f3szerg\u0151z elsz\u00edv\u00f3 rendszer\u00e9nek r\u00e9szlete.[\/vc_column_text][\/vc_column][\/vc_row][vc_row][vc_column width=&#8221;1\/4&#8243;][vc_single_image image=&#8221;231&#8243; img_size=&#8221;full&#8221; css_animation=&#8221;appear&#8221;][vc_column_text css_animation=&#8221;left-to-right&#8221;]&#8230;<\/p>\n","protected":false},"author":1,"featured_media":0,"parent":0,"menu_order":0,"comment_status":"closed","ping_status":"closed","template":"","meta":{"footnotes":""},"class_list":["post-16","page","type-page","status-publish","hentry"],"_links":{"self":[{"href":"https:\/\/ravent.hu\/index.php?rest_route=\/wp\/v2\/pages\/16","targetHints":{"allow":["GET"]}}],"collection":[{"href":"https:\/\/ravent.hu\/index.php?rest_route=\/wp\/v2\/pages"}],"about":[{"href":"https:\/\/ravent.hu\/index.php?rest_route=\/wp\/v2\/types\/page"}],"author":[{"embeddable":true,"href":"https:\/\/ravent.hu\/index.php?rest_route=\/wp\/v2\/users\/1"}],"replies":[{"embeddable":true,"href":"https:\/\/ravent.hu\/index.php?rest_route=%2Fwp%2Fv2%2Fcomments&post=16"}],"version-history":[{"count":8,"href":"https:\/\/ravent.hu\/index.php?rest_route=\/wp\/v2\/pages\/16\/revisions"}],"predecessor-version":[{"id":235,"href":"https:\/\/ravent.hu\/index.php?rest_route=\/wp\/v2\/pages\/16\/revisions\/235"}],"wp:attachment":[{"href":"https:\/\/ravent.hu\/index.php?rest_route=%2Fwp%2Fv2%2Fmedia&parent=16"}],"curies":[{"name":"wp","href":"https:\/\/api.w.org\/{rel}","templated":true}]}}