{"id":20,"date":"2016-11-15T10:52:57","date_gmt":"2016-11-15T10:52:57","guid":{"rendered":"http:\/\/tatabuilding.hu\/?page_id=20"},"modified":"2016-11-20T13:00:22","modified_gmt":"2016-11-20T13:00:22","slug":"egyeb-termekek","status":"publish","type":"page","link":"https:\/\/ravent.hu\/?page_id=20","title":{"rendered":"Egy\u00e9b term\u00e9kek"},"content":{"rendered":"<div class=\"wpb-content-wrapper\"><p>[vc_row][vc_column width=&#8221;1\/3&#8243;][vc_single_image image=&#8221;216&#8243; img_size=&#8221;full&#8221; css_animation=&#8221;appear&#8221;][vc_column_text css_animation=&#8221;left-to-right&#8221;]F\u00fcstg\u00e1zelsz\u00edv\u00f3 rendszer h\u0151szigetelt elsz\u00edv\u00f3 vezet\u00e9keinek r\u00e9szlete.[\/vc_column_text][\/vc_column][vc_column width=&#8221;1\/3&#8243;][vc_single_image image=&#8221;214&#8243; img_size=&#8221;full&#8221; css_animation=&#8221;appear&#8221;][vc_column_text css_animation=&#8221;left-to-right&#8221;]<\/p>\n<p style=\"text-align: left;\">Alum\u00ednium \u00f6ntv\u00e9ny tiszt\u00edt\u00f3 asztalok. Kisebb munkadarabok k\u00e9zi megmunk\u00e1l\u00e1s\u00e1hoz szikraelsz\u00edv\u00f3 h\u00e1tfallal.<\/p>\n<p>[\/vc_column_text][\/vc_column][vc_column width=&#8221;1\/3&#8243;][vc_single_image image=&#8221;215&#8243; img_size=&#8221;full&#8221; css_animation=&#8221;appear&#8221;][vc_column_text css_animation=&#8221;left-to-right&#8221;]<\/p>\n<p style=\"text-align: left;\">Zsilipes Big-bag t\u00f6lt\u0151 kett\u0151s k\u00e9ses tol\u00f3z\u00e1rral.<\/p>\n<p>[\/vc_column_text][\/vc_column][\/vc_row][vc_row][vc_column width=&#8221;1\/4&#8243;][vc_single_image image=&#8221;220&#8243; img_size=&#8221;full&#8221; css_animation=&#8221;appear&#8221;][vc_column_text css_animation=&#8221;left-to-right&#8221;]\u00c9lelmiszeripari kemence egyedi elsz\u00edv\u00f3erny\u0151je.[\/vc_column_text][\/vc_column][vc_column width=&#8221;1\/4&#8243;][vc_single_image image=&#8221;218&#8243; img_size=&#8221;full&#8221; css_animation=&#8221;appear&#8221;][vc_column_text css_animation=&#8221;left-to-right&#8221;]M\u0171helycsarnok keringtet\u00e9ses szell\u0151ztet\u0151 rendszer\u00e9nek k\u00fclt\u00e9ri ventil\u00e1tora, amely sz\u00edv\u00f3- \u00e9s nyom\u00f3 \u00fczemben is m\u0171k\u00f6dik.[\/vc_column_text][\/vc_column][vc_column width=&#8221;1\/4&#8243;][vc_single_image image=&#8221;219&#8243; img_size=&#8221;full&#8221; css_animation=&#8221;appear&#8221;][vc_column_text css_animation=&#8221;left-to-right&#8221;]Ikerelrendez\u00e9s\u0171 sz\u0171r\u0151berendez\u00e9s porbunkere gy\u00e1rt\u00e1s k\u00f6zben.[\/vc_column_text][\/vc_column][vc_column width=&#8221;1\/4&#8243;][vc_single_image image=&#8221;217&#8243; img_size=&#8221;full&#8221; css_animation=&#8221;appear&#8221;][vc_column_text css_animation=&#8221;left-to-right&#8221;]<\/p>\n<p style=\"text-align: left;\">K\u00e9zi rev\u00e9tlen\u00edt\u0151 technol\u00f3gia zsalus elsz\u00edv\u00f3falakkal felszerelt munkaasztala, melyhez k\u00f6zponti porlev\u00e1laszt\u00f3 berendez\u00e9s kapcsol\u00f3dik.<\/p>\n<p>[\/vc_column_text][\/vc_column][\/vc_row]<\/p>\n<\/div>","protected":false},"excerpt":{"rendered":"<p>[vc_row][vc_column width=&#8221;1\/3&#8243;][vc_single_image image=&#8221;216&#8243; img_size=&#8221;full&#8221; css_animation=&#8221;appear&#8221;][vc_column_text css_animation=&#8221;left-to-right&#8221;]F\u00fcstg\u00e1zelsz\u00edv\u00f3 rendszer h\u0151szigetelt elsz\u00edv\u00f3 vezet\u00e9keinek r\u00e9szlete.[\/vc_column_text][\/vc_column][vc_column width=&#8221;1\/3&#8243;][vc_single_image image=&#8221;214&#8243; img_size=&#8221;full&#8221; css_animation=&#8221;appear&#8221;][vc_column_text css_animation=&#8221;left-to-right&#8221;] Alum\u00ednium \u00f6ntv\u00e9ny tiszt\u00edt\u00f3 asztalok. Kisebb munkadarabok k\u00e9zi megmunk\u00e1l\u00e1s\u00e1hoz szikraelsz\u00edv\u00f3 h\u00e1tfallal. [\/vc_column_text][\/vc_column][vc_column width=&#8221;1\/3&#8243;][vc_single_image image=&#8221;215&#8243; img_size=&#8221;full&#8221; css_animation=&#8221;appear&#8221;][vc_column_text css_animation=&#8221;left-to-right&#8221;] Zsilipes Big-bag t\u00f6lt\u0151 kett\u0151s k\u00e9ses tol\u00f3z\u00e1rral. [\/vc_column_text][\/vc_column][\/vc_row][vc_row][vc_column width=&#8221;1\/4&#8243;][vc_single_image image=&#8221;220&#8243; img_size=&#8221;full&#8221; css_animation=&#8221;appear&#8221;][vc_column_text css_animation=&#8221;left-to-right&#8221;]\u00c9lelmiszeripari kemence egyedi elsz\u00edv\u00f3erny\u0151je.[\/vc_column_text][\/vc_column][vc_column width=&#8221;1\/4&#8243;][vc_single_image image=&#8221;218&#8243; img_size=&#8221;full&#8221; css_animation=&#8221;appear&#8221;][vc_column_text css_animation=&#8221;left-to-right&#8221;]M\u0171helycsarnok keringtet\u00e9ses szell\u0151ztet\u0151 rendszer\u00e9nek&#8230;<\/p>\n","protected":false},"author":1,"featured_media":0,"parent":0,"menu_order":0,"comment_status":"closed","ping_status":"closed","template":"","meta":{"footnotes":""},"class_list":["post-20","page","type-page","status-publish","hentry"],"_links":{"self":[{"href":"https:\/\/ravent.hu\/index.php?rest_route=\/wp\/v2\/pages\/20","targetHints":{"allow":["GET"]}}],"collection":[{"href":"https:\/\/ravent.hu\/index.php?rest_route=\/wp\/v2\/pages"}],"about":[{"href":"https:\/\/ravent.hu\/index.php?rest_route=\/wp\/v2\/types\/page"}],"author":[{"embeddable":true,"href":"https:\/\/ravent.hu\/index.php?rest_route=\/wp\/v2\/users\/1"}],"replies":[{"embeddable":true,"href":"https:\/\/ravent.hu\/index.php?rest_route=%2Fwp%2Fv2%2Fcomments&post=20"}],"version-history":[{"count":7,"href":"https:\/\/ravent.hu\/index.php?rest_route=\/wp\/v2\/pages\/20\/revisions"}],"predecessor-version":[{"id":222,"href":"https:\/\/ravent.hu\/index.php?rest_route=\/wp\/v2\/pages\/20\/revisions\/222"}],"wp:attachment":[{"href":"https:\/\/ravent.hu\/index.php?rest_route=%2Fwp%2Fv2%2Fmedia&parent=20"}],"curies":[{"name":"wp","href":"https:\/\/api.w.org\/{rel}","templated":true}]}}