{"id":427,"date":"2018-01-14T22:52:03","date_gmt":"2018-01-14T22:52:03","guid":{"rendered":"https:\/\/ravent.hu\/?page_id=427"},"modified":"2018-01-14T22:54:08","modified_gmt":"2018-01-14T22:54:08","slug":"minosegpolitika","status":"publish","type":"page","link":"https:\/\/ravent.hu\/?page_id=427","title":{"rendered":"Min\u0151s\u00e9gpolitika"},"content":{"rendered":"<p style=\"text-align: center;\"><strong><u>MIN\u0150S\u00c9GPOLITIKA<\/u><\/strong><\/p>\n<p style=\"text-align: center;\"><strong>L\u00e9gtechnikai rendszer tervez\u00e9s<\/strong><\/p>\n<p style=\"text-align: center;\"><strong><em>Min\u0151s\u00e9gpolitik\u00e1nk alapvet\u0151en a piac, a Megrendel\u0151ink bizalm\u00e1nak megszerz\u00e9s\u00e9t \u00e9s megtart\u00e1s\u00e1t szolg\u00e1lja a min\u0151s\u00e9gi k\u00f6vetelm\u00e9ny\u00e9nek folyamatos n\u00f6vel\u00e9s\u00e9vel.<\/em><\/strong><\/p>\n<p>A Ravent Ipari Kft. c\u00e9gvezet\u00e9se els\u0151dleges szempontnak tartja, hogy vev\u0151i mindenkor el\u00e9gedettek legyenek a v\u00e9gzett tev\u00e9kenys\u00e9g min\u0151s\u00e9g\u00e9vel. Sz\u00e1munkra kiemelten fontos, hogy megrendel\u0151ink probl\u00e9m\u00e1ira gazdas\u00e1gos, hat\u00e9kony megold\u00e1st k\u00edn\u00e1ljunk, nem felt\u00e9tlen\u00fcl \u00faj, k\u00f6lts\u00e9ges beruh\u00e1z\u00e1ssal, hanem egyedi m\u0171szaki megold\u00e1sokkal. Tev\u00e9kenys\u00e9geink kiemelked\u0151 sz\u00ednvonal\u00e1t munkat\u00e1rsaink elk\u00f6telezett hozz\u00e1\u00e1ll\u00e1s\u00e1n t\u00fal az MSZ EN ISO 9001:2015 szabv\u00e1ny szerint m\u0171k\u00f6d\u0151 min\u0151s\u00e9gir\u00e1ny\u00edt\u00e1si rendszer is garant\u00e1lja.<\/p>\n<p>A Kft. vezet\u00e9se a c\u00e9g tev\u00e9kenys\u00e9g\u00e9nek min\u0151s\u00e9g\u00e9t, s\u0151t annak tov\u00e1bbi, folyamatos fejleszt\u00e9s\u00e9t els\u0151rend\u0171 feladat\u00e1nak tekinti, amelynek \u00e9rdek\u00e9ben az al\u00e1bbiakat nyilv\u00e1n\u00edtjuk ki:<\/p>\n<ul>\n<li>Elk\u00f6telezettek vagyunk a min\u0151s\u00e9gir\u00e1ny\u00edt\u00e1si rendszer \u00e1ltal szab\u00e1lyozott k\u00f6vetelm\u00e9nyek teljes\u00edt\u00e9se ir\u00e1nt.<\/li>\n<li>A c\u00e9g j\u00f3 h\u00edrnev\u00e9t, a szervezett munkav\u00e9gz\u00e9st a kimagasl\u00f3 szak\u00e9rtelemmel b\u00edr\u00f3 dolgoz\u00f3i g\u00e1rd\u00e1val biztos\u00edtjuk.<\/li>\n<li>Munkat\u00e1raink szaktud\u00e1s\u00e1t, k\u00e9pes\u00edt\u00e9seit folyamatosan fejlesztj\u00fck.<\/li>\n<li>Tev\u00e9kenys\u00e9g\u00fcnkh\u00f6z kapcsol\u00f3d\u00f3 jogszab\u00e1lyokat, szabv\u00e1nyokat mindenkor betartjuk.<\/li>\n<li>Olyan vezet\u00e9si ir\u00e1ny\u00edt\u00e1si rendszert m\u0171k\u00f6dtet\u00fcnk, amelynek alapeleme a folyamatainkkal \u00f6sszef\u00fcgg\u0151 kock\u00e1zatok \u00e9s lehet\u0151s\u00e9gek kiel\u00e9g\u00edt\u0151 kezel\u00e9se a Kft. k\u00f6rnyezet\u00e9t \u00e9s az \u00e9rdekelt felek elv\u00e1r\u00e1sait, k\u00f6vetelm\u00e9nyeit figyelembe v\u00e9ve.<\/li>\n<li>Felm\u00e9rj\u00fck \u00e9s kezelj\u00fck a kock\u00e1zatokat, amik hat\u00e1ssal lehetnek a term\u00e9k megfelel\u0151s\u00e9g\u00e9re, \u00e9s a vev\u0151i el\u00e9gedetts\u00e9gre.<\/li>\n<li>Konkurenci\u00e1nkn\u00e1l magasabb sz\u00ednvonal\u00fa munk\u00e1t versenyk\u00e9pes \u00e1rak mellett v\u00e9gezz\u00fck el.<\/li>\n<li>Tudat\u00e1ban vagyunk annak, hogy a min\u00e9l magasabb vev\u0151i ig\u00e9nyek kiel\u00e9g\u00edt\u00e9s\u00e9re csak folyamatos fejl\u0151d\u00e9ssel tudunk megfelelni.<\/li>\n<li>Sz\u00e1ll\u00edt\u00f3inkkal, alv\u00e1llalkoz\u00f3inkkal k\u00f6lcs\u00f6n\u00f6sen el\u0151ny\u00f6s kapcsolatra t\u00f6reksz\u00fcnk, c\u00e9ljaink megval\u00f3s\u00edt\u00e1sa \u00e9rdek\u00e9ben elv\u00e1rjuk, hogy \u0151k is azonosuljanak t\u00f6rekv\u00e9seinkkel.<\/li>\n<\/ul>\n<p>&nbsp;<\/p>\n<p style=\"text-align: center;\"><strong>MOTT\u00d3NK: \u201e Vev\u0151ink el\u00e9gedetts\u00e9ge j\u00f6v\u0151nk z\u00e1loga.\u201d<\/strong><\/p>\n<p><strong>\u00a0<\/strong><\/p>\n","protected":false},"excerpt":{"rendered":"<p>MIN\u0150S\u00c9GPOLITIKA L\u00e9gtechnikai rendszer tervez\u00e9s Min\u0151s\u00e9gpolitik\u00e1nk alapvet\u0151en a piac, a Megrendel\u0151ink bizalm\u00e1nak megszerz\u00e9s\u00e9t \u00e9s megtart\u00e1s\u00e1t szolg\u00e1lja a min\u0151s\u00e9gi k\u00f6vetelm\u00e9ny\u00e9nek folyamatos n\u00f6vel\u00e9s\u00e9vel. A Ravent Ipari Kft. c\u00e9gvezet\u00e9se els\u0151dleges szempontnak tartja, hogy vev\u0151i mindenkor el\u00e9gedettek legyenek a v\u00e9gzett tev\u00e9kenys\u00e9g min\u0151s\u00e9g\u00e9vel. Sz\u00e1munkra kiemelten fontos, hogy megrendel\u0151ink probl\u00e9m\u00e1ira gazdas\u00e1gos, hat\u00e9kony megold\u00e1st k\u00edn\u00e1ljunk, nem felt\u00e9tlen\u00fcl \u00faj, k\u00f6lts\u00e9ges beruh\u00e1z\u00e1ssal, hanem egyedi m\u0171szaki&#8230;<\/p>\n","protected":false},"author":1,"featured_media":0,"parent":0,"menu_order":0,"comment_status":"closed","ping_status":"closed","template":"","meta":{"footnotes":""},"class_list":["post-427","page","type-page","status-publish","hentry"],"_links":{"self":[{"href":"https:\/\/ravent.hu\/index.php?rest_route=\/wp\/v2\/pages\/427","targetHints":{"allow":["GET"]}}],"collection":[{"href":"https:\/\/ravent.hu\/index.php?rest_route=\/wp\/v2\/pages"}],"about":[{"href":"https:\/\/ravent.hu\/index.php?rest_route=\/wp\/v2\/types\/page"}],"author":[{"embeddable":true,"href":"https:\/\/ravent.hu\/index.php?rest_route=\/wp\/v2\/users\/1"}],"replies":[{"embeddable":true,"href":"https:\/\/ravent.hu\/index.php?rest_route=%2Fwp%2Fv2%2Fcomments&post=427"}],"version-history":[{"count":1,"href":"https:\/\/ravent.hu\/index.php?rest_route=\/wp\/v2\/pages\/427\/revisions"}],"predecessor-version":[{"id":428,"href":"https:\/\/ravent.hu\/index.php?rest_route=\/wp\/v2\/pages\/427\/revisions\/428"}],"wp:attachment":[{"href":"https:\/\/ravent.hu\/index.php?rest_route=%2Fwp%2Fv2%2Fmedia&parent=427"}],"curies":[{"name":"wp","href":"https:\/\/api.w.org\/{rel}","templated":true}]}}