{"id":448,"date":"2019-08-23T08:22:12","date_gmt":"2019-08-23T08:22:12","guid":{"rendered":"https:\/\/ravent.hu\/?page_id=448"},"modified":"2019-12-19T12:35:45","modified_gmt":"2019-12-19T12:35:45","slug":"3d-szimulaciok","status":"publish","type":"page","link":"https:\/\/ravent.hu\/?page_id=448","title":{"rendered":"3D SZIMUL\u00c1CI\u00d3K"},"content":{"rendered":"<p style=\"text-align: left;\"><strong><img loading=\"lazy\" decoding=\"async\" class=\"alignnone size-medium wp-image-489\" src=\"https:\/\/ravent.hu\/wp-content\/uploads\/2019\/08\/Rendszer-szerel\u00e9s-20190521_5-300x177.jpg\" alt=\"Rendszer szerel\u00e9s 20190521_5\" width=\"300\" height=\"177\" srcset=\"https:\/\/ravent.hu\/wp-content\/uploads\/2019\/08\/Rendszer-szerel\u00e9s-20190521_5-300x177.jpg 300w, https:\/\/ravent.hu\/wp-content\/uploads\/2019\/08\/Rendszer-szerel\u00e9s-20190521_5-768x452.jpg 768w, https:\/\/ravent.hu\/wp-content\/uploads\/2019\/08\/Rendszer-szerel\u00e9s-20190521_5-1024x603.jpg 1024w, https:\/\/ravent.hu\/wp-content\/uploads\/2019\/08\/Rendszer-szerel\u00e9s-20190521_5.jpg 1509w\" sizes=\"auto, (max-width: 300px) 100vw, 300px\" \/>3D-s rendszertervez\u00e9s<\/strong><\/p>\n<p style=\"text-align: left;\"><img loading=\"lazy\" decoding=\"async\" class=\"alignnone size-medium wp-image-457\" src=\"https:\/\/ravent.hu\/wp-content\/uploads\/2019\/08\/FPD-projekt-\u00f6sszerakva_1-300x169.jpg\" alt=\"FPD projekt \u00f6sszerakva_1\" width=\"300\" height=\"169\" srcset=\"https:\/\/ravent.hu\/wp-content\/uploads\/2019\/08\/FPD-projekt-\u00f6sszerakva_1-300x169.jpg 300w, https:\/\/ravent.hu\/wp-content\/uploads\/2019\/08\/FPD-projekt-\u00f6sszerakva_1-768x433.jpg 768w, https:\/\/ravent.hu\/wp-content\/uploads\/2019\/08\/FPD-projekt-\u00f6sszerakva_1-1024x578.jpg 1024w, https:\/\/ravent.hu\/wp-content\/uploads\/2019\/08\/FPD-projekt-\u00f6sszerakva_1.jpg 1597w\" sizes=\"auto, (max-width: 300px) 100vw, 300px\" \/><img loading=\"lazy\" decoding=\"async\" class=\"alignnone size-medium wp-image-456\" src=\"https:\/\/ravent.hu\/wp-content\/uploads\/2019\/08\/Dupla-sz\u0171r\u0151-\u00f6sszeszerelve-6-300x160.jpg\" alt=\"Dupla sz\u0171r\u0151 \u00f6sszeszerelve 6\" width=\"300\" height=\"160\" srcset=\"https:\/\/ravent.hu\/wp-content\/uploads\/2019\/08\/Dupla-sz\u0171r\u0151-\u00f6sszeszerelve-6-300x160.jpg 300w, https:\/\/ravent.hu\/wp-content\/uploads\/2019\/08\/Dupla-sz\u0171r\u0151-\u00f6sszeszerelve-6-768x409.jpg 768w, https:\/\/ravent.hu\/wp-content\/uploads\/2019\/08\/Dupla-sz\u0171r\u0151-\u00f6sszeszerelve-6-1024x545.jpg 1024w, https:\/\/ravent.hu\/wp-content\/uploads\/2019\/08\/Dupla-sz\u0171r\u0151-\u00f6sszeszerelve-6.jpg 1693w\" sizes=\"auto, (max-width: 300px) 100vw, 300px\" \/><img loading=\"lazy\" decoding=\"async\" class=\"alignnone size-medium wp-image-455\" src=\"https:\/\/ravent.hu\/wp-content\/uploads\/2019\/08\/Porelsz\u00edv\u00f3-rendszer-I_v2_5-300x163.jpg\" alt=\"Porelsz\u00edv\u00f3 rendszer I_v2_5\" width=\"300\" height=\"163\" srcset=\"https:\/\/ravent.hu\/wp-content\/uploads\/2019\/08\/Porelsz\u00edv\u00f3-rendszer-I_v2_5-300x163.jpg 300w, https:\/\/ravent.hu\/wp-content\/uploads\/2019\/08\/Porelsz\u00edv\u00f3-rendszer-I_v2_5-768x416.jpg 768w, https:\/\/ravent.hu\/wp-content\/uploads\/2019\/08\/Porelsz\u00edv\u00f3-rendszer-I_v2_5-1024x555.jpg 1024w, https:\/\/ravent.hu\/wp-content\/uploads\/2019\/08\/Porelsz\u00edv\u00f3-rendszer-I_v2_5.jpg 1662w\" sizes=\"auto, (max-width: 300px) 100vw, 300px\" \/><img loading=\"lazy\" decoding=\"async\" class=\"alignnone size-medium wp-image-460\" src=\"https:\/\/ravent.hu\/wp-content\/uploads\/2019\/08\/BONAFARM-1-300x159.jpg\" alt=\"BONAFARM 1\" width=\"300\" height=\"159\" srcset=\"https:\/\/ravent.hu\/wp-content\/uploads\/2019\/08\/BONAFARM-1-300x159.jpg 300w, https:\/\/ravent.hu\/wp-content\/uploads\/2019\/08\/BONAFARM-1-768x407.jpg 768w, https:\/\/ravent.hu\/wp-content\/uploads\/2019\/08\/BONAFARM-1-1024x542.jpg 1024w, https:\/\/ravent.hu\/wp-content\/uploads\/2019\/08\/BONAFARM-1-1200x630.jpg 1200w, https:\/\/ravent.hu\/wp-content\/uploads\/2019\/08\/BONAFARM-1.jpg 1701w\" sizes=\"auto, (max-width: 300px) 100vw, 300px\" \/> <img loading=\"lazy\" decoding=\"async\" class=\"alignnone size-medium wp-image-464\" src=\"https:\/\/ravent.hu\/wp-content\/uploads\/2019\/08\/GLASTON-edz\u0151kemence-zajv\u00e9delem-25-300x165.jpg\" alt=\"GLASTON edz\u0151kemence zajv\u00e9delem 25\" width=\"300\" height=\"165\" srcset=\"https:\/\/ravent.hu\/wp-content\/uploads\/2019\/08\/GLASTON-edz\u0151kemence-zajv\u00e9delem-25-300x165.jpg 300w, https:\/\/ravent.hu\/wp-content\/uploads\/2019\/08\/GLASTON-edz\u0151kemence-zajv\u00e9delem-25-768x422.jpg 768w, https:\/\/ravent.hu\/wp-content\/uploads\/2019\/08\/GLASTON-edz\u0151kemence-zajv\u00e9delem-25-1024x562.jpg 1024w, https:\/\/ravent.hu\/wp-content\/uploads\/2019\/08\/GLASTON-edz\u0151kemence-zajv\u00e9delem-25.jpg 1641w\" sizes=\"auto, (max-width: 300px) 100vw, 300px\" \/><img loading=\"lazy\" decoding=\"async\" class=\"alignnone size-medium wp-image-459\" src=\"https:\/\/ravent.hu\/wp-content\/uploads\/2019\/08\/STRABAG-garat\u00e9p\u00fclet-porelsz\u00edv\u00e1ssal-\u00f6sszerakva-300x156.jpg\" alt=\"STRABAG garat\u00e9p\u00fclet porelsz\u00edv\u00e1ssal \u00f6sszerakva\" width=\"300\" height=\"156\" srcset=\"https:\/\/ravent.hu\/wp-content\/uploads\/2019\/08\/STRABAG-garat\u00e9p\u00fclet-porelsz\u00edv\u00e1ssal-\u00f6sszerakva-300x156.jpg 300w, https:\/\/ravent.hu\/wp-content\/uploads\/2019\/08\/STRABAG-garat\u00e9p\u00fclet-porelsz\u00edv\u00e1ssal-\u00f6sszerakva-768x400.jpg 768w, https:\/\/ravent.hu\/wp-content\/uploads\/2019\/08\/STRABAG-garat\u00e9p\u00fclet-porelsz\u00edv\u00e1ssal-\u00f6sszerakva-1024x534.jpg 1024w, https:\/\/ravent.hu\/wp-content\/uploads\/2019\/08\/STRABAG-garat\u00e9p\u00fclet-porelsz\u00edv\u00e1ssal-\u00f6sszerakva.jpg 1729w\" sizes=\"auto, (max-width: 300px) 100vw, 300px\" \/><img loading=\"lazy\" decoding=\"async\" class=\"alignnone size-medium wp-image-473\" src=\"https:\/\/ravent.hu\/wp-content\/uploads\/2019\/08\/800-24-SIMONA-3-felf\u00fcggeszt\u00e9s-\u00e9s-OLP-rendszer-20180124-v1_20190823-300x175.jpg\" alt=\"800-24 SIMONA 3 felf\u00fcggeszt\u00e9s \u00e9s OLP rendszer 20180124 v1_20190823\" width=\"300\" height=\"175\" srcset=\"https:\/\/ravent.hu\/wp-content\/uploads\/2019\/08\/800-24-SIMONA-3-felf\u00fcggeszt\u00e9s-\u00e9s-OLP-rendszer-20180124-v1_20190823-300x175.jpg 300w, https:\/\/ravent.hu\/wp-content\/uploads\/2019\/08\/800-24-SIMONA-3-felf\u00fcggeszt\u00e9s-\u00e9s-OLP-rendszer-20180124-v1_20190823-768x447.jpg 768w, https:\/\/ravent.hu\/wp-content\/uploads\/2019\/08\/800-24-SIMONA-3-felf\u00fcggeszt\u00e9s-\u00e9s-OLP-rendszer-20180124-v1_20190823-1024x596.jpg 1024w, https:\/\/ravent.hu\/wp-content\/uploads\/2019\/08\/800-24-SIMONA-3-felf\u00fcggeszt\u00e9s-\u00e9s-OLP-rendszer-20180124-v1_20190823.jpg 1528w\" sizes=\"auto, (max-width: 300px) 100vw, 300px\" \/><img loading=\"lazy\" decoding=\"async\" class=\"alignnone size-medium wp-image-478\" src=\"https:\/\/ravent.hu\/wp-content\/uploads\/2019\/08\/BMC-Utility-elrendez\u00e9s-k\u00f6rnyezete_v7-20161027_v3_20190823-300x158.jpg\" alt=\"BMC-Utility elrendez\u00e9s k\u00f6rnyezete_v7 20161027_v3_20190823\" width=\"300\" height=\"158\" srcset=\"https:\/\/ravent.hu\/wp-content\/uploads\/2019\/08\/BMC-Utility-elrendez\u00e9s-k\u00f6rnyezete_v7-20161027_v3_20190823-300x158.jpg 300w, https:\/\/ravent.hu\/wp-content\/uploads\/2019\/08\/BMC-Utility-elrendez\u00e9s-k\u00f6rnyezete_v7-20161027_v3_20190823-768x405.jpg 768w, https:\/\/ravent.hu\/wp-content\/uploads\/2019\/08\/BMC-Utility-elrendez\u00e9s-k\u00f6rnyezete_v7-20161027_v3_20190823-1024x540.jpg 1024w, https:\/\/ravent.hu\/wp-content\/uploads\/2019\/08\/BMC-Utility-elrendez\u00e9s-k\u00f6rnyezete_v7-20161027_v3_20190823-1200x630.jpg 1200w, https:\/\/ravent.hu\/wp-content\/uploads\/2019\/08\/BMC-Utility-elrendez\u00e9s-k\u00f6rnyezete_v7-20161027_v3_20190823.jpg 1685w\" sizes=\"auto, (max-width: 300px) 100vw, 300px\" \/><img loading=\"lazy\" decoding=\"async\" class=\"alignnone size-medium wp-image-482\" src=\"https:\/\/ravent.hu\/wp-content\/uploads\/2019\/08\/Patron-sz\u0171r\u0151-\u00f6sszeszerelve-20190902_v5_1-300x163.jpg\" alt=\"Patron sz\u0171r\u0151 \u00f6sszeszerelve 20190902_v5_1\" width=\"300\" height=\"163\" srcset=\"https:\/\/ravent.hu\/wp-content\/uploads\/2019\/08\/Patron-sz\u0171r\u0151-\u00f6sszeszerelve-20190902_v5_1-300x163.jpg 300w, https:\/\/ravent.hu\/wp-content\/uploads\/2019\/08\/Patron-sz\u0171r\u0151-\u00f6sszeszerelve-20190902_v5_1-768x416.jpg 768w, https:\/\/ravent.hu\/wp-content\/uploads\/2019\/08\/Patron-sz\u0171r\u0151-\u00f6sszeszerelve-20190902_v5_1-1024x555.jpg 1024w, https:\/\/ravent.hu\/wp-content\/uploads\/2019\/08\/Patron-sz\u0171r\u0151-\u00f6sszeszerelve-20190902_v5_1.jpg 1640w\" sizes=\"auto, (max-width: 300px) 100vw, 300px\" \/><img loading=\"lazy\" decoding=\"async\" class=\"alignnone size-medium wp-image-485\" src=\"https:\/\/ravent.hu\/wp-content\/uploads\/2019\/08\/BUDAPLAST-sz\u0171r\u0151-\u00f6sszerakva-20191020_v4_1-300x161.jpg\" alt=\"BUDAPLAST sz\u0171r\u0151 \u00f6sszerakva 20191020_v4_1\" width=\"300\" height=\"161\" srcset=\"https:\/\/ravent.hu\/wp-content\/uploads\/2019\/08\/BUDAPLAST-sz\u0171r\u0151-\u00f6sszerakva-20191020_v4_1-300x161.jpg 300w, https:\/\/ravent.hu\/wp-content\/uploads\/2019\/08\/BUDAPLAST-sz\u0171r\u0151-\u00f6sszerakva-20191020_v4_1-768x411.jpg 768w, https:\/\/ravent.hu\/wp-content\/uploads\/2019\/08\/BUDAPLAST-sz\u0171r\u0151-\u00f6sszerakva-20191020_v4_1-1024x548.jpg 1024w, https:\/\/ravent.hu\/wp-content\/uploads\/2019\/08\/BUDAPLAST-sz\u0171r\u0151-\u00f6sszerakva-20191020_v4_1.jpg 1660w\" sizes=\"auto, (max-width: 300px) 100vw, 300px\" \/><\/p>\n<p style=\"text-align: left;\"><strong>\u00c1raml\u00e1stechnikai m\u00e9retez\u00e9sek, elemz\u00e9sek, szimul\u00e1ci\u00f3k (megtekinthet\u0151 <a href=\"https:\/\/www.youtube.com\/channel\/UCPfNmVOUixFpt-ytY5ZFs0g\/videos\" target=\"_blank\">itt!)<\/a><\/strong><\/p>\n","protected":false},"excerpt":{"rendered":"<p>3D-s rendszertervez\u00e9s \u00c1raml\u00e1stechnikai m\u00e9retez\u00e9sek, elemz\u00e9sek, szimul\u00e1ci\u00f3k (megtekinthet\u0151 itt!)<\/p>\n","protected":false},"author":1,"featured_media":0,"parent":0,"menu_order":0,"comment_status":"closed","ping_status":"closed","template":"","meta":{"footnotes":""},"class_list":["post-448","page","type-page","status-publish","hentry"],"_links":{"self":[{"href":"https:\/\/ravent.hu\/index.php?rest_route=\/wp\/v2\/pages\/448","targetHints":{"allow":["GET"]}}],"collection":[{"href":"https:\/\/ravent.hu\/index.php?rest_route=\/wp\/v2\/pages"}],"about":[{"href":"https:\/\/ravent.hu\/index.php?rest_route=\/wp\/v2\/types\/page"}],"author":[{"embeddable":true,"href":"https:\/\/ravent.hu\/index.php?rest_route=\/wp\/v2\/users\/1"}],"replies":[{"embeddable":true,"href":"https:\/\/ravent.hu\/index.php?rest_route=%2Fwp%2Fv2%2Fcomments&post=448"}],"version-history":[{"count":18,"href":"https:\/\/ravent.hu\/index.php?rest_route=\/wp\/v2\/pages\/448\/revisions"}],"predecessor-version":[{"id":490,"href":"https:\/\/ravent.hu\/index.php?rest_route=\/wp\/v2\/pages\/448\/revisions\/490"}],"wp:attachment":[{"href":"https:\/\/ravent.hu\/index.php?rest_route=%2Fwp%2Fv2%2Fmedia&parent=448"}],"curies":[{"name":"wp","href":"https:\/\/api.w.org\/{rel}","templated":true}]}}