{"id":73,"date":"2016-11-15T14:45:28","date_gmt":"2016-11-15T14:45:28","guid":{"rendered":"http:\/\/tatabuilding.hu\/?page_id=73"},"modified":"2018-03-26T12:08:03","modified_gmt":"2018-03-26T12:08:03","slug":"referenciak","status":"publish","type":"page","link":"https:\/\/ravent.hu\/?page_id=73","title":{"rendered":"Referenci\u00e1k"},"content":{"rendered":"<div class=\"wpb-content-wrapper\"><p>[vc_row][vc_column width=&#8221;1\/2&#8243;][vc_custom_heading text=&#8221;Megrendel\u0151ink k\u00f6z\u00fcl n\u00e9h\u00e1nyan&#8221; font_container=&#8221;tag:h2|text_align:left|color:%234880a0&#8243; google_fonts=&#8221;font_family:Arimo%3Aregular%2Citalic%2C700%2C700italic|font_style:400%20regular%3A400%3Anormal&#8221; css=&#8221;.vc_custom_1479756759112{margin-top: 20px !important;margin-bottom: 20px !important;margin-left: 100px !important;}&#8221;][vc_column_text css_animation=&#8221;top-to-bottom&#8221; css=&#8221;.vc_custom_1480672965429{margin-left: 100px !important;}&#8221;]Procter&amp;Gamble, Hyginett Kft.<br \/>\nStollwerck Budapest Kft.<br \/>\nAlcoa K\u00f6f\u00e9m Kft.<br \/>\nNABI Rt.<br \/>\nLasselsberger Knauf Kft.<br \/>\nVilleroy&amp;Boch Rt.<br \/>\nPfleiderer \u00dcveggyapot Rt.<br \/>\nRath Hung\u00e1ria Rt.<br \/>\nBasalt-K\u00f6z\u00e9pk\u0151 K\u0151b\u00e1ny\u00e1k Kft.<br \/>\nMasterfoods Kft.<br \/>\nAlf\u00f6ldi Gabona Zrt.<br \/>\nBaumit Kft.<br \/>\nYTONG Magyarorsz\u00e1g Kft.<br \/>\nBelden-Duna K\u00e1bel Kft.<br \/>\nMichelin Hung\u00e1ria Kft.<br \/>\nHajd\u00fa Gabona Rt.<br \/>\nVegyterv IS Zrt.<br \/>\nSOLUM Zrt.<br \/>\nSTRABAG Magyarorsz\u00e1g<br \/>\nMORGAN Hungary Kft.<br \/>\nMARS Hungary<br \/>\nDuna Pap\u00edr Kft.[\/vc_column_text][\/vc_column][vc_column width=&#8221;1\/2&#8243;][vc_custom_heading text=&#8221;k\u00e9pek&#8221; font_container=&#8221;tag:h2|text_align:left|color:%234880a0&#8243; google_fonts=&#8221;font_family:Arimo%3Aregular%2Citalic%2C700%2C700italic|font_style:400%20regular%3A400%3Anormal&#8221; css=&#8221;.vc_custom_1479755739128{margin-top: 20px !important;margin-bottom: 20px !important;}&#8221;][vc_masonry_media_grid element_width=&#8221;3&#8243; grid_id=&#8221;vc_gid:1522065454863-1ca595fa-c4d3-7&#8243; include=&#8221;438,388,387,383,384,386,355,357,354,352,353,348,413,349,441&#8243;][\/vc_column][\/vc_row][vc_row][vc_column][\/vc_column][\/vc_row]<\/p>\n<\/div>","protected":false},"excerpt":{"rendered":"<p>[vc_row][vc_column width=&#8221;1\/2&#8243;][vc_custom_heading text=&#8221;Megrendel\u0151ink k\u00f6z\u00fcl n\u00e9h\u00e1nyan&#8221; font_container=&#8221;tag:h2|text_align:left|color:%234880a0&#8243; google_fonts=&#8221;font_family:Arimo%3Aregular%2Citalic%2C700%2C700italic|font_style:400%20regular%3A400%3Anormal&#8221; css=&#8221;.vc_custom_1479756759112{margin-top: 20px !important;margin-bottom: 20px !important;margin-left: 100px !important;}&#8221;][vc_column_text css_animation=&#8221;top-to-bottom&#8221; css=&#8221;.vc_custom_1480672965429{margin-left: 100px !important;}&#8221;]Procter&amp;Gamble, Hyginett Kft. Stollwerck Budapest Kft. Alcoa K\u00f6f\u00e9m Kft. NABI Rt. Lasselsberger Knauf Kft. Villeroy&amp;Boch Rt. Pfleiderer \u00dcveggyapot Rt. Rath Hung\u00e1ria Rt. Basalt-K\u00f6z\u00e9pk\u0151 K\u0151b\u00e1ny\u00e1k Kft. Masterfoods Kft. Alf\u00f6ldi Gabona Zrt. Baumit Kft. YTONG Magyarorsz\u00e1g Kft. Belden-Duna K\u00e1bel Kft&#8230;.<\/p>\n","protected":false},"author":1,"featured_media":0,"parent":0,"menu_order":0,"comment_status":"closed","ping_status":"closed","template":"","meta":{"footnotes":""},"class_list":["post-73","page","type-page","status-publish","hentry"],"_links":{"self":[{"href":"https:\/\/ravent.hu\/index.php?rest_route=\/wp\/v2\/pages\/73","targetHints":{"allow":["GET"]}}],"collection":[{"href":"https:\/\/ravent.hu\/index.php?rest_route=\/wp\/v2\/pages"}],"about":[{"href":"https:\/\/ravent.hu\/index.php?rest_route=\/wp\/v2\/types\/page"}],"author":[{"embeddable":true,"href":"https:\/\/ravent.hu\/index.php?rest_route=\/wp\/v2\/users\/1"}],"replies":[{"embeddable":true,"href":"https:\/\/ravent.hu\/index.php?rest_route=%2Fwp%2Fv2%2Fcomments&post=73"}],"version-history":[{"count":31,"href":"https:\/\/ravent.hu\/index.php?rest_route=\/wp\/v2\/pages\/73\/revisions"}],"predecessor-version":[{"id":242,"href":"https:\/\/ravent.hu\/index.php?rest_route=\/wp\/v2\/pages\/73\/revisions\/242"}],"wp:attachment":[{"href":"https:\/\/ravent.hu\/index.php?rest_route=%2Fwp%2Fv2%2Fmedia&parent=73"}],"curies":[{"name":"wp","href":"https:\/\/api.w.org\/{rel}","templated":true}]}}